{"id":2,"date":"2024-06-27T18:58:07","date_gmt":"2024-06-27T18:58:07","guid":{"rendered":"https:\/\/www.toribiococinas.es\/?page_id=2"},"modified":"2024-07-02T10:17:55","modified_gmt":"2024-07-02T10:17:55","slug":"sample-page","status":"publish","type":"page","link":"https:\/\/www.toribiococinas.es\/","title":{"rendered":"Toribio Cocinas"},"content":{"rendered":"\n<p class=\"has-text-align-center\">Pronto lanzaremos nuestra nueva p\u00e1gina web donde descubrir\u00e1s c\u00f3mo transformamos espacios con nuestros dise\u00f1os \u00fanicos y la calidad que nos caracteriza. Mientras tanto, estamos aqu\u00ed para atenderte y ayudarte a crear la cocina o el vestidor de tus sue\u00f1os.<\/p>\n\n\n\n<blockquote class=\"wp-block-quote is-layout-flow wp-block-quote-is-layout-flow\">\n<p class=\"has-system-sans-serif-font-family has-medium-font-size\"><strong>Muebles de Calidad para tu Hogar<\/strong>:<\/p>\n\n\n\n<p class=\"has-system-sans-serif-font-family has-medium-font-size\">\u2b50 Dise\u00f1o y Fabricaci\u00f3n de Cocinas<br>\u2b50 Muebles a Medida<br>\u2b50 M\u00e1s de 40 a\u00f1os de Experiencia<br>\u2b50 Atenci\u00f3n Personalizada<\/p>\n\n\n\n<p class=\"has-system-sans-serif-font-family has-medium-font-size\"><strong>Cont\u00e1ctanos hoy mismo y empieza a dise\u00f1ar tu espacio ideal:<\/strong><\/p>\n\n\n\n<p class=\"has-system-sans-serif-font-family has-medium-font-size\">\ud83d\udcde 954 164 584<br>\ud83d\udcde 619 053 277<\/p>\n\n\n\n<p><\/p>\n<\/blockquote>\n\n\n\n<p class=\"has-text-align-center\"><strong>\u00a1Gracias por tu paciencia y por acompa\u00f1arnos en este emocionante viaje!<\/strong><\/p>\n","protected":false},"excerpt":{"rendered":"<p>Pronto lanzaremos nuestra nueva p\u00e1gina web donde descubrir\u00e1s c\u00f3mo transformamos espacios con nuestros dise\u00f1os \u00fanicos y la calidad que nos caracteriza. Mientras tanto, estamos aqu\u00ed para atenderte y ayudarte a crear la cocina o el vestidor de tus sue\u00f1os. Muebles de Calidad para tu Hogar: \u2b50 Dise\u00f1o y Fabricaci\u00f3n de Cocinas\u2b50 Muebles a Medida\u2b50 M\u00e1s [&hellip;]<\/p>\n","protected":false},"author":1,"featured_media":0,"parent":0,"menu_order":0,"comment_status":"closed","ping_status":"open","template":"","meta":{"footnotes":""},"class_list":["post-2","page","type-page","status-publish","hentry"],"_links":{"self":[{"href":"https:\/\/www.toribiococinas.es\/index.php?rest_route=\/wp\/v2\/pages\/2","targetHints":{"allow":["GET"]}}],"collection":[{"href":"https:\/\/www.toribiococinas.es\/index.php?rest_route=\/wp\/v2\/pages"}],"about":[{"href":"https:\/\/www.toribiococinas.es\/index.php?rest_route=\/wp\/v2\/types\/page"}],"author":[{"embeddable":true,"href":"https:\/\/www.toribiococinas.es\/index.php?rest_route=\/wp\/v2\/users\/1"}],"replies":[{"embeddable":true,"href":"https:\/\/www.toribiococinas.es\/index.php?rest_route=%2Fwp%2Fv2%2Fcomments&post=2"}],"version-history":[{"count":5,"href":"https:\/\/www.toribiococinas.es\/index.php?rest_route=\/wp\/v2\/pages\/2\/revisions"}],"predecessor-version":[{"id":16,"href":"https:\/\/www.toribiococinas.es\/index.php?rest_route=\/wp\/v2\/pages\/2\/revisions\/16"}],"wp:attachment":[{"href":"https:\/\/www.toribiococinas.es\/index.php?rest_route=%2Fwp%2Fv2%2Fmedia&parent=2"}],"curies":[{"name":"wp","href":"https:\/\/api.w.org\/{rel}","templated":true}]}}